{"id":25989054,"date":"2025-09-18T09:36:18","date_gmt":"2025-09-18T09:36:18","guid":{"rendered":"https:\/\/frankfurter-arbeitsmarkt-forum.de\/?page_id=25989054"},"modified":"2025-12-11T17:38:55","modified_gmt":"2025-12-11T16:38:55","slug":"uebersicht-massnahmen","status":"publish","type":"page","link":"https:\/\/frankfurter-arbeitsmarkt-forum.de\/index.php\/uebersicht-massnahmen\/","title":{"rendered":"\u00dcbersicht Ma\u00dfnahmen"},"content":{"rendered":"<p>[et_pb_section fb_built=&#8220;1&#8243; _builder_version=&#8220;4.27.4&#8243; _module_preset=&#8220;default&#8220; background_color=&#8220;rgba(237,237,237,0.52)&#8220; global_colors_info=&#8220;{}&#8220;][et_pb_row column_structure=&#8220;1_2,1_2&#8243; _builder_version=&#8220;4.27.4&#8243; _module_preset=&#8220;default&#8220; custom_padding=&#8220;15px|30px|15px|30px|true|true&#8220; hover_enabled=&#8220;0&#8243; global_colors_info=&#8220;{}&#8220; sticky_enabled=&#8220;0&#8243;][et_pb_column type=&#8220;1_2&#8243; _builder_version=&#8220;4.27.4&#8243; _module_preset=&#8220;default&#8220; global_colors_info=&#8220;{}&#8220;][et_pb_text _builder_version=&#8220;4.27.4&#8243; _module_preset=&#8220;default&#8220; header_font=&#8220;|800|||||||&#8220; header_font_size=&#8220;32px&#8220; header_2_font=&#8220;||||||||&#8220; header_2_font_size=&#8220;40px&#8220; custom_margin=&#8220;||10px||false|false&#8220; header_2_font_size_tablet=&#8220;36px&#8220; header_2_font_size_phone=&#8220;30px&#8220; header_2_font_size_last_edited=&#8220;on|phone&#8220; locked=&#8220;off&#8220; global_colors_info=&#8220;{}&#8220;]<\/p>\n<h1>\u00dcbersicht FRAP-Ma\u00dfnahmen 2025<\/h1>\n<p>[\/et_pb_text][et_pb_text _builder_version=&#8220;4.27.4&#8243; _module_preset=&#8220;default&#8220; text_font=&#8220;||||||||&#8220; text_text_color=&#8220;#000000&#8243; locked=&#8220;off&#8220; global_colors_info=&#8220;{}&#8220;]<\/p>\n<p>Hier finden Sie die Angebote im Frankfurter Arbeitsmarktprogramm f\u00fcr \u00fcber 25-J\u00e4hrige. Entdecken Sie gef\u00f6rderte Angebote im Bereich Beratung, Qualifizierung und Besch\u00e4ftigung &#8211; f\u00fcr Mitarbeitende in Bildungs- und Beratungseinrichtungen, Unternehmen und allen, die die Integration von Menschen in Arbeit unterst\u00fctzen m\u00f6chten.<\/p>\n<p>[\/et_pb_text][\/et_pb_column][et_pb_column type=&#8220;1_2&#8243; _builder_version=&#8220;4.27.4&#8243; _module_preset=&#8220;default&#8220; global_colors_info=&#8220;{}&#8220;][et_pb_blurb title=&#8220;Kontaktdaten und Anlaufstellen&#8220; use_icon=&#8220;on&#8220; font_icon=&#8220;&#xf00c;||fa||900&#8243; icon_color=&#8220;#E09900&#8243; icon_placement=&#8220;left&#8220; image_icon_width=&#8220;24px&#8220; content_max_width=&#8220;100%&#8220; admin_label=&#8220;Increased Collaboration&#8220; _builder_version=&#8220;4.27.4&#8243; _module_preset=&#8220;default&#8220; header_font=&#8220;Poppins|600|||||||&#8220; header_font_size=&#8220;20px&#8220; body_font=&#8220;||||||||&#8220; body_text_color=&#8220;#000000&#8243; custom_margin=&#8220;||30px||false|false&#8220; locked=&#8220;off&#8220; global_colors_info=&#8220;{}&#8220;]<\/p>\n<p>Direkte Wege zu den richtigen Ansprechpartner:innen.<\/p>\n<p>[\/et_pb_blurb][et_pb_blurb title=&#8220;\u00dcbersicht aller Ma\u00dfmahmen unserer Bildungstr\u00e4ger&#8220; use_icon=&#8220;on&#8220; font_icon=&#8220;&#xf00c;||fa||900&#8243; icon_color=&#8220;#E09900&#8243; icon_placement=&#8220;left&#8220; image_icon_width=&#8220;24px&#8220; content_max_width=&#8220;100%&#8220; admin_label=&#8220;Career Advancement Opportunities&#8220; _builder_version=&#8220;4.27.4&#8243; _module_preset=&#8220;default&#8220; header_font=&#8220;Poppins|600|||||||&#8220; header_font_size=&#8220;20px&#8220; body_font=&#8220;||||||||&#8220; body_text_color=&#8220;#000000&#8243; custom_margin=&#8220;||30px||false|false&#8220; custom_margin_tablet=&#8220;||30px||false|false&#8220; custom_margin_phone=&#8220;30px||30px||false|false&#8220; custom_margin_last_edited=&#8220;on|phone&#8220; locked=&#8220;off&#8220; global_colors_info=&#8220;{}&#8220;]<\/p>\n<p>Von Beratung \u00fcber Qualifizierung bis hin zu praxisnahen Besch\u00e4ftigungsprojekten.<\/p>\n<p>[\/et_pb_blurb][et_pb_blurb title=&#8220;Steckbriefe mit Details zu den Angeboten&#8220; use_icon=&#8220;on&#8220; font_icon=&#8220;&#xf00c;||fa||900&#8243; icon_color=&#8220;#E09900&#8243; icon_placement=&#8220;left&#8220; image_icon_width=&#8220;24px&#8220; content_max_width=&#8220;100%&#8220; admin_label=&#8220;Personalized Education&#8220; _builder_version=&#8220;4.27.4&#8243; _module_preset=&#8220;default&#8220; header_font=&#8220;Poppins|600|||||||&#8220; header_font_size=&#8220;20px&#8220; body_font=&#8220;||||||||&#8220; body_text_color=&#8220;#000000&#8243; custom_margin=&#8220;||50px||false|false&#8220; locked=&#8220;off&#8220; global_colors_info=&#8220;{}&#8220;]<\/p>\n<p>Kompakte Informationen zu Inhalten, Zielen, Teilnahmevoraussetzungen.<\/p>\n<p>[\/et_pb_blurb][\/et_pb_column][\/et_pb_row][\/et_pb_section][et_pb_section fb_built=&#8220;1&#8243; disabled_on=&#8220;on|off|off&#8220; _builder_version=&#8220;4.27.4&#8243; _module_preset=&#8220;default&#8220; background_color=&#8220;#FFFFFF&#8220; custom_padding=&#8220;24px||24px||true|false&#8220; border_width_all=&#8220;25px&#8220; border_color_all=&#8220;gcid-036cd866-8991-4dee-af19-11b450332cb0&#8243; global_colors_info=&#8220;{%22gcid-036cd866-8991-4dee-af19-11b450332cb0%22:%91%22border_color_all%22%93}&#8220;][et_pb_row _builder_version=&#8220;4.27.4&#8243; _module_preset=&#8220;default&#8220; background_color=&#8220;#FFFFFF&#8220; border_color_all=&#8220;#FFFFFF&#8220; global_colors_info=&#8220;{}&#8220;][et_pb_column type=&#8220;4_4&#8243; _builder_version=&#8220;4.27.4&#8243; _module_preset=&#8220;default&#8220; global_colors_info=&#8220;{}&#8220;][dipl_ajax_search search_placeholder=&#8220;Suche nach Bildungseinrichtung &#8220; orderby=&#8220;post_title&#8220; no_result_text=&#8220;nichts gefunden&#8220; search_in=&#8220;on|off|off&#8220; include_post_types=&#8220;project&#8220; _builder_version=&#8220;4.27.4&#8243; _module_preset=&#8220;default&#8220; form_field_text_color=&#8220;#000000&#8243; form_field_font_size=&#8220;15px&#8220; width=&#8220;59%&#8220; module_alignment=&#8220;center&#8220; border_width_all_form_field=&#8220;1px&#8220; border_color_all_form_field=&#8220;#000000&#8243; global_colors_info=&#8220;{}&#8220;][\/dipl_ajax_search][dipi_filterable_grid select_post_type=&#8220;project&#8220; select_custom_tax=&#8220;project_category&#8220; include_term_ids_of_project_category=&#8220;92,94,115,32,91,118,112,current,84,86,127,157,126,55&#8243; post_count=&#8220;80&#8243; post_status_checkboxes=&#8220;off|off|off|off|off|off|off&#8220; all_filter_label=&#8220;ALLE&#8220; show_num_of_elements=&#8220;on&#8220; grid_layout=&#8220;grid&#8220; columns=&#8220;3&#8243; show_post_title=&#8220;on&#8220; show_post_excerpt=&#8220;on&#8220; read_more=&#8220;on&#8220; read_more_text=&#8220;Mehr Infos&#8220; read_more_link_target=&#8220;_blank&#8220; use_overlay=&#8220;off&#8220; space_tabs=&#8220;10px&#8220; filter_bar_padding=&#8220;10px|10px|10px|10px|true|true&#8220; filter_bar_background_color=&#8220;#FFFFFF&#8220; filter_bar_item_background_color=&#8220;gcid-036cd866-8991-4dee-af19-11b450332cb0&#8243; grid_margin=&#8220;10px||10px||true|false&#8220; grid_padding=&#8220;20px|20px|20px|20px|true|true&#8220; grid_item_background_color=&#8220;gcid-07720538-5d04-4b2a-9eac-265fd1f993ea&#8220; _builder_version=&#8220;4.27.4&#8243; _module_preset=&#8220;default&#8220; link_font=&#8220;||||||||&#8220; link_text_color=&#8220;gcid-heading-color&#8220; header_4_font=&#8220;|600|||||||solid&#8220; header_4_text_color=&#8220;#E09900&#8243; header_4_font_size=&#8220;17px&#8220; header_4_line_height=&#8220;1.1em&#8220; filter_bar_normal_font=&#8220;|600||on|||||&#8220; filter_bar_normal_text_color=&#8220;gcid-primary-color&#8220; filter_bar_normal_font_size=&#8220;16px&#8220; background_color=&#8220;#FFFFFF&#8220; custom_read_more=&#8220;on&#8220; read_more_text_size=&#8220;15px&#8220; read_more_text_color=&#8220;#FFFFFF&#8220; read_more_bg_color=&#8220;gcid-heading-color&#8220; read_more_border_width=&#8220;0px&#8220; read_more_border_color=&#8220;gcid-heading-color&#8220; read_more_border_radius=&#8220;35px&#8220; read_more_icon=&#8220;&#x41;||divi||400&#8243; read_more_icon_color=&#8220;#FFFFFF&#8220; custom_padding=&#8220;30px|30px|30px|30px|true|true&#8220; border_color_all=&#8220;#000000&#8243; border_color_all_load_more=&#8220;#FFFFFF&#8220; border_color_all_filter_bar=&#8220;#FFFFFF&#8220; border_color_right_filter_bar=&#8220;#FFFFFF&#8220; border_width_bottom_filter_bar=&#8220;1px&#8220; border_radii_filter_bar_item=&#8220;off|5px|5px|5px|20px&#8220; border_radii_grid=&#8220;off||||&#8220; border_radii_grid_item=&#8220;off||||35px&#8220; border_color_all_grid_item=&#8220;gcid-heading-color&#8220; box_shadow_style_images=&#8220;preset1&#8243; box_shadow_blur_images=&#8220;14px&#8220; global_colors_info=&#8220;{%22gcid-036cd866-8991-4dee-af19-11b450332cb0%22:%91%22filter_bar_item_background_color%22%93,%22gcid-heading-color%22:%91%22link_text_color%22,%22border_color_all_grid_item%22,%22read_more_bg_color%22,%22read_more_border_color%22%93,%22gcid-07720538-5d04-4b2a-9eac-265fd1f993ea%22:%91%22grid_item_background_color%22%93,%22gcid-primary-color%22:%91%22filter_bar_normal_text_color%22%93}&#8220;][\/dipi_filterable_grid][\/et_pb_column][\/et_pb_row][\/et_pb_section][et_pb_section fb_built=&#8220;1&#8243; disabled_on=&#8220;off|on|on&#8220; _builder_version=&#8220;4.27.4&#8243; _module_preset=&#8220;default&#8220; background_color=&#8220;#FFFFFF&#8220; custom_padding=&#8220;24px||24px||true|false&#8220; border_width_all=&#8220;25px&#8220; border_color_all=&#8220;gcid-036cd866-8991-4dee-af19-11b450332cb0&#8243; global_colors_info=&#8220;{%22gcid-036cd866-8991-4dee-af19-11b450332cb0%22:%91%22border_color_all%22%93}&#8220;][et_pb_row _builder_version=&#8220;4.27.4&#8243; _module_preset=&#8220;default&#8220; background_color=&#8220;#FFFFFF&#8220; border_color_all=&#8220;#FFFFFF&#8220; global_colors_info=&#8220;{}&#8220;][et_pb_column type=&#8220;4_4&#8243; _builder_version=&#8220;4.27.4&#8243; _module_preset=&#8220;default&#8220; global_colors_info=&#8220;{}&#8220;][dipi_filterable_grid select_post_type=&#8220;project&#8220; select_custom_tax=&#8220;project_category&#8220; include_term_ids_of_project_category=&#8220;92,94,115,32,91,118,112,current,84,86,127,157,126,55&#8243; post_count=&#8220;80&#8243; post_status_checkboxes=&#8220;off|off|off|off|off|off|off&#8220; all_filter_label=&#8220;ALLE&#8220; show_num_of_elements=&#8220;on&#8220; grid_layout=&#8220;grid&#8220; columns=&#8220;1&#8243; show_post_title=&#8220;on&#8220; show_post_excerpt=&#8220;on&#8220; read_more=&#8220;on&#8220; read_more_text=&#8220;Mehr Infos&#8220; read_more_link_target=&#8220;_blank&#8220; use_overlay=&#8220;off&#8220; space_tabs=&#8220;10px&#8220; filter_bar_padding=&#8220;10px|10px|10px|10px|true|true&#8220; filter_bar_background_color=&#8220;#FFFFFF&#8220; filter_bar_item_background_color=&#8220;gcid-036cd866-8991-4dee-af19-11b450332cb0&#8243; grid_margin=&#8220;10px||10px||true|false&#8220; grid_padding=&#8220;20px|20px|20px|20px|true|true&#8220; grid_item_background_color=&#8220;gcid-07720538-5d04-4b2a-9eac-265fd1f993ea&#8220; _builder_version=&#8220;4.27.4&#8243; _module_preset=&#8220;default&#8220; link_font=&#8220;||||||||&#8220; link_text_color=&#8220;gcid-heading-color&#8220; header_4_font=&#8220;|600|||||||solid&#8220; header_4_text_color=&#8220;#E09900&#8243; header_4_font_size=&#8220;17px&#8220; header_4_line_height=&#8220;1.1em&#8220; filter_bar_normal_font=&#8220;|600||on|||||&#8220; filter_bar_normal_text_color=&#8220;gcid-primary-color&#8220; filter_bar_normal_font_size=&#8220;16px&#8220; background_color=&#8220;#FFFFFF&#8220; custom_read_more=&#8220;on&#8220; read_more_text_size=&#8220;15px&#8220; read_more_text_color=&#8220;#FFFFFF&#8220; read_more_bg_color=&#8220;gcid-heading-color&#8220; read_more_border_width=&#8220;0px&#8220; read_more_border_color=&#8220;gcid-heading-color&#8220; read_more_border_radius=&#8220;35px&#8220; read_more_icon=&#8220;&#x41;||divi||400&#8243; read_more_icon_color=&#8220;#FFFFFF&#8220; custom_padding=&#8220;5px|5px|5px|5px|true|true&#8220; border_color_all=&#8220;#000000&#8243; border_color_all_load_more=&#8220;#FFFFFF&#8220; border_color_all_filter_bar=&#8220;#FFFFFF&#8220; border_color_right_filter_bar=&#8220;#FFFFFF&#8220; border_width_bottom_filter_bar=&#8220;1px&#8220; border_radii_filter_bar_item=&#8220;off||||10px&#8220; border_radii_grid=&#8220;off||||&#8220; border_radii_grid_item=&#8220;off||||35px&#8220; border_color_all_grid_item=&#8220;gcid-heading-color&#8220; box_shadow_style_images=&#8220;preset1&#8243; box_shadow_blur_images=&#8220;14px&#8220; global_colors_info=&#8220;{%22gcid-036cd866-8991-4dee-af19-11b450332cb0%22:%91%22filter_bar_item_background_color%22%93,%22gcid-heading-color%22:%91%22link_text_color%22,%22border_color_all_grid_item%22,%22read_more_bg_color%22,%22read_more_border_color%22%93,%22gcid-07720538-5d04-4b2a-9eac-265fd1f993ea%22:%91%22grid_item_background_color%22%93,%22gcid-primary-color%22:%91%22filter_bar_normal_text_color%22%93}&#8220;][\/dipi_filterable_grid][\/et_pb_column][\/et_pb_row][\/et_pb_section][et_pb_section fb_built=&#8220;1&#8243; _builder_version=&#8220;4.27.4&#8243; _module_preset=&#8220;default&#8220; background_color=&#8220;gcid-036cd866-8991-4dee-af19-11b450332cb0&#8243; global_colors_info=&#8220;{%22gcid-036cd866-8991-4dee-af19-11b450332cb0%22:%91%22background_color%22%93}&#8220;][et_pb_row _builder_version=&#8220;4.27.4&#8243; _module_preset=&#8220;default&#8220; global_colors_info=&#8220;{}&#8220;][et_pb_column type=&#8220;4_4&#8243; _builder_version=&#8220;4.27.4&#8243; _module_preset=&#8220;default&#8220; global_colors_info=&#8220;{}&#8220;][et_pb_heading title=&#8220;Sie haben noch Fragen? &#8220; _builder_version=&#8220;4.27.4&#8243; _module_preset=&#8220;default&#8220; title_font=&#8220;|800|||||||&#8220; title_text_align=&#8220;center&#8220; global_colors_info=&#8220;{}&#8220;][\/et_pb_heading][et_pb_button button_url=&#8220;@ET-DC@eyJkeW5hbWljIjp0cnVlLCJjb250ZW50IjoicG9zdF9saW5rX3VybF9wYWdlIiwic2V0dGluZ3MiOnsicG9zdF9pZCI6Ijc5NCJ9fQ==@&#8220; button_text=&#8220;Kontaktieren Sie uns!&#8220; button_alignment=&#8220;center&#8220; _builder_version=&#8220;4.27.4&#8243; _dynamic_attributes=&#8220;button_url&#8220; _module_preset=&#8220;default&#8220; custom_button=&#8220;on&#8220; button_text_size=&#8220;16px&#8220; button_text_color=&#8220;#FFFFFF&#8220; button_bg_color=&#8220;#E09900&#8243; button_border_width=&#8220;1px&#8220; button_border_color=&#8220;#E09900&#8243; button_border_radius=&#8220;20px&#8220; button_use_icon=&#8220;off&#8220; global_colors_info=&#8220;{}&#8220;][\/et_pb_button][\/et_pb_column][\/et_pb_row][\/et_pb_section]<\/p>\n","protected":false},"excerpt":{"rendered":"<p>\u00dcbersicht FRAP-Ma\u00dfnahmen 2025Hier finden Sie die Angebote im Frankfurter Arbeitsmarktprogramm f\u00fcr \u00fcber 25-J\u00e4hrige. Entdecken Sie gef\u00f6rderte Angebote im Bereich Beratung, Qualifizierung und Besch\u00e4ftigung &#8211; f\u00fcr Mitarbeitende in Bildungs- und Beratungseinrichtungen, Unternehmen und allen, die die Integration von Menschen in Arbeit unterst\u00fctzen m\u00f6chten.Direkte Wege zu den richtigen Ansprechpartner:innen.Von Beratung \u00fcber Qualifizierung bis hin zu praxisnahen Besch\u00e4ftigungsprojekten.Kompakte [&hellip;]<\/p>\n","protected":false},"author":2,"featured_media":0,"parent":0,"menu_order":0,"comment_status":"closed","ping_status":"closed","template":"","meta":{"_et_pb_use_builder":"on","_et_pb_old_content":"","_et_gb_content_width":"","footnotes":""},"dipi_cpt_category":[],"class_list":["post-25989054","page","type-page","status-publish","hentry"],"_links":{"self":[{"href":"https:\/\/frankfurter-arbeitsmarkt-forum.de\/index.php\/wp-json\/wp\/v2\/pages\/25989054","targetHints":{"allow":["GET"]}}],"collection":[{"href":"https:\/\/frankfurter-arbeitsmarkt-forum.de\/index.php\/wp-json\/wp\/v2\/pages"}],"about":[{"href":"https:\/\/frankfurter-arbeitsmarkt-forum.de\/index.php\/wp-json\/wp\/v2\/types\/page"}],"author":[{"embeddable":true,"href":"https:\/\/frankfurter-arbeitsmarkt-forum.de\/index.php\/wp-json\/wp\/v2\/users\/2"}],"replies":[{"embeddable":true,"href":"https:\/\/frankfurter-arbeitsmarkt-forum.de\/index.php\/wp-json\/wp\/v2\/comments?post=25989054"}],"version-history":[{"count":31,"href":"https:\/\/frankfurter-arbeitsmarkt-forum.de\/index.php\/wp-json\/wp\/v2\/pages\/25989054\/revisions"}],"predecessor-version":[{"id":25990902,"href":"https:\/\/frankfurter-arbeitsmarkt-forum.de\/index.php\/wp-json\/wp\/v2\/pages\/25989054\/revisions\/25990902"}],"wp:attachment":[{"href":"https:\/\/frankfurter-arbeitsmarkt-forum.de\/index.php\/wp-json\/wp\/v2\/media?parent=25989054"}],"wp:term":[{"taxonomy":"dipi_cpt_category","embeddable":true,"href":"https:\/\/frankfurter-arbeitsmarkt-forum.de\/index.php\/wp-json\/wp\/v2\/dipi_cpt_category?post=25989054"}],"curies":[{"name":"wp","href":"https:\/\/api.w.org\/{rel}","templated":true}]}}